{"id":39,"date":"2023-05-05T19:32:50","date_gmt":"2023-05-05T17:32:50","guid":{"rendered":"http:\/\/akademia-onlinechiptuning.pl\/?page_id=39"},"modified":"2023-05-05T19:32:50","modified_gmt":"2023-05-05T17:32:50","slug":"regulamin","status":"publish","type":"page","link":"https:\/\/akademia-onlinechiptuning.pl\/?page_id=39","title":{"rendered":"Regulamin"},"content":{"rendered":"\n<p>I POSTANOWIENIA OG\u00d3LNE<br><br><br>1.\u00a0 Regulamin ten dotyczy zasad korzystania z sklepu internetowego akademia-onlinechiptuning.pl zwanego dalej Sklepem. Sklep powsta\u0142 na podstawie przepis\u00f3w prawnych obowi\u0105zuj\u0105cych na terytorium RP.<br>2.\u00a0 W\u0142a\u015bcicielem sklepu internetowego, dzia\u0142aj\u0105cego pod adresem akademia-onlinechiptuning.pl jest firma GoodCar z siedzib\u0105 w Walce 47-344, Opolska 23a, NIP: 755-179-30-69, Regon: 160047693<br>3. Regulamin okre\u015bla prawa i obowi\u0105zki U\u017cytkownik\u00f3w jak r\u00f3wnie\u017c prawa i obowi\u0105zki Sprzedawcy jako podmiotu zarz\u0105dzaj\u0105cego i prowadz\u0105cego Sklep.<br>4.\u00a0 Regulamin dotyczy wszystkich U\u017cytkownik\u00f3w, w tym Konsument\u00f3w.<br>5.\u00a0 U\u017cytkownik z chwil\u0105 rejestracji zobowi\u0105zany jest zapozna\u0107\u00a0 si\u0119 z tre\u015bci\u0105 regulaminu i mo\u017ce podejmowa\u0107 dalsze czynno\u015bci po uprzednim wyra\u017ceniu zgody i akceptacji wszystkich jego postanowie\u0144.<br>6. Regulamin jest udost\u0119pniony Klientowi nieodp\u0142atnie za po\u015brednictwem Strony Internetowej akademia-onlinechiptuning.pl, w formie, kt\u00f3ra umo\u017cliwia pozyskiwanie, odtwarzanie i utrwalenie Regulaminu za pomoc\u0105 systemu teleinformatycznego, kt\u00f3rym pos\u0142uguje si\u0119 Klient Sklepu.<br>7. Klient dokonuj\u0105c\u00a0 Rejestracji Konta w Sklepie ma obowi\u0105zek zapoznanie si\u0119 z Regulaminem a poprzez zaakceptowanie i przestrzeganie przez Klienta postanowie\u0144 niniejszego Regulaminu mo\u017ce dokonywa\u0107\u00a0 zakup\u00f3w na warunkach okre\u015blonych w Regulaminie.<br><br><br>II\u00a0 DEFINICJE<br><br><br>1.\u00a0 U\u017cytkownik \u2013 osoba fizyczna, konsument,\u00a0 osoba prawna lub jednostka organizacyjna nie posiadaj\u0105ca osobowo\u015bci prawnej\u00a0 korzystaj\u0105ca z us\u0142ug Sklepu.<br>2. Konsument \u2013\u00a0 zgodnie z art. 22 (1) kodeksu cywilnego \u2013 osoba fizyczna dokonuj\u0105ca czynno\u015bci prawnej niezwi\u0105zanej bezpo\u015brednio z jej dzia\u0142alno\u015bci\u0105 gospodarcz\u0105 lub zawodow\u0105.<br>3. Klient Detaliczny \u2013 u\u017cytkownik dokonuj\u0105cy zakupu produkt\u00f3w po cenach detalicznych (bez rabatu).<br>4. Sta\u0142y Klient \u2013 zarejestrowany U\u017cytkownik, osoba uprawniona do zakupu produkt\u00f3w z rabatem.<br>5.\u00a0 Administrator \u2013\u00a0 podmiot udost\u0119pniaj\u0105cy onlinechiptuning.pl na rzecz U\u017cytkownik\u00f3w Sklepu.<br>6. Konto U\u017cytkownika \u2013 po rejestracji oraz zalogowaniu U\u017cytkownik ma mo\u017cliwo\u015b\u0107 dokonywania zam\u00f3wienia wystawionego Produkt\u00f3w.<br><br><br>III TECHNICZNE WARUNKI KORZYSTANIA Z SERWISU<br><br><br>1. Przedmiotem dzia\u0142alno\u015bci sklepu jest sprzeda\u017c detaliczna produkt\u00f3w szkoleniowych poprzez sklep internetowy.<br>2.\u00a0\u00a0 Katalog produkt\u00f3w stanowi zaproszenie do zawarcia umowy.<br>3.\u00a0\u00a0 Dla korzystania z us\u0142ug sklepu niezb\u0119dnym jest aby przegl\u0105darka mia\u0142a w\u0142\u0105czon\u0105 obs\u0142ug\u0119 JavaScript.<br>2.\u00a0 W celu korzystania ze Sklepu Internetowego konieczne jest posiadanie przez Klienta aktywnego konta poczty elektronicznej (e-mail).<br>3.\u00a0\u00a0 W trakcie korzystania ze Sklepu w systemie teleinformatycznym Klienta instalowane s\u0105 niewielkie pliki cookies dla cel\u00f3w poprawnego dzia\u0142ania okre\u015blonych funkcji Sklepu, je\u017celi przegl\u0105darka, kt\u00f3rej u\u017cywa Klient, na to pozwala.<br>4.\u00a0\u00a0 Sklep nigdy nie wysy\u0142a pr\u00f3\u015bb o przys\u0142anie e-mailem has\u0142a Klienta.<br><br><br>IV REJESTRACJA W ONLINECHIPTUNING.PL ZASADY SK\u0141ADANIA ORAZ REALIZACJI ZAM\u00d3WIENIA<br><br><br>1. Sklep prowadzi sprzeda\u017c towar\u00f3w za po\u015brednictwem Internetu, pod adresem onlinechiptuning.pl. Zam\u00f3wienia od Klient\u00f3w przyjmowane s\u0105 za po\u015brednictwem strony internetowej onlinechiptuning.pl<br>3. Zam\u00f3wienie mo\u017cna sk\u0142ada\u0107 za pomoc\u0105 funkcji dodania produktu do koszyka oraz nast\u0119pnie poprzez przycisk \u201cZam\u00f3wienie\u201d.<br>4.\u00a0 By mo\u017cna by\u0142o poprawnie przeprowadzi\u0107 procedur\u0119 zam\u00f3wienia, konieczne b\u0119dzie za\u0142o\u017cenie konta u\u017cytkownika, dzi\u0119ki kt\u00f3remu mo\u017cna tak\u017ce obserwowa\u0107 status realizacji zam\u00f3wienia.<br>5.\u00a0 Podstawowym warunkiem realizacji dokonanych zakup\u00f3w jest prawid\u0142owe wype\u0142nienie danych teleadresowych wraz z poprawnym, istniej\u0105cym adresem e-mail i numerem telefonu pod kt\u00f3rym mo\u017cna b\u0119dzie potwierdzi\u0107 z\u0142o\u017cenie zam\u00f3wienia. Zam\u00f3wienia, kt\u00f3rych nie uda si\u0119 potwierdzi\u0107 w ci\u0105gu 3 dni roboczych, nie b\u0119d\u0105 realizowane.<br>6. Po wpisaniu danych rejestracyjnych Klient potwierdza zapoznanie si\u0119 i akceptacj\u0119 Regulaminu<br>7.\u00a0 U\u017cytkownik przez zaznaczenie odpowiednich p\u00f3l lub wpisanie swoich danych w odpowiednie pola sk\u0142ada o\u015bwiadczenie nast\u0119puj\u0105cej tre\u015bci:<br>\u2022\u00a0 wyra\u017cam zgod\u0119 na przetwarzanie moich danych osobowych przez administratora, przekazanych w formularzu rejestracyjnym oraz formularzy zam\u00f3wienia , dla cel\u00f3w nale\u017cytego wykonania umowy;<br>\u2022\u00a0 przyst\u0105pi\u0142em\u00a0 dobrowolnie do korzystania z us\u0142ug sklepu;<br>\u2022 zapozna\u0142em si\u0119 z Regulaminem i akceptuj\u0119 wszystkie jego postanowienia;<br>\u2022 dane zawarte w formularzu s\u0105 zgodne z prawd\u0105;<br>8. Sklep nie udost\u0119pnia danych osobowych, podanych przy rejestracji osobom trzecim, chyba \u017ce na \u017c\u0105danie uprawnionych organ\u00f3w pa\u0144stwa, na potrzeby prowadzonych przez nie post\u0119powa\u0144.<br>9.\u00a0 Klient jest odpowiedzialny za bezpiecze\u0144stwo i w\u0142a\u015bciwe u\u017cywanie Has\u0142a, kt\u00f3re powinien przechowywa\u0107 w poufno\u015bci. W razie zaistnienia okoliczno\u015bci wskazuj\u0105cych na podejrzenie, i\u017c Has\u0142o Klienta znalaz\u0142o si\u0119 w posiadaniu osoby nieuprawnionej, Klient ma obowi\u0105zek niezw\u0142ocznego zawiadomienia o tym fakcie Sprzedawc\u0119.<br>10. Klient po rejestracji mo\u017ce w dowolnym momencie zalogowa\u0107 si\u0119 na Konto Klienta i dokonywa\u0107 zmian podanych przez siebie danych.<br>11.\u00a0 W przypadku przegl\u0105dania zawarto\u015bci Sklepu oraz sk\u0142adania zam\u00f3wienia drog\u0105 mailow\u0105\u00a0 rejestracja nie jest obowi\u0105zkowa.<br>12.Zarejestrowany U\u017cytkownik ma mo\u017cliwo\u015b\u0107:<br>\u2022\u00a0\u00a0\u00a0 zam\u00f3wi\u0107 produkt przez wybranie zak\u0142adki Do Koszyka;<br>\u2022\u00a0\u00a0\u00a0 Poleci\u0107 znajomemu;<br>13.\u00a0 Zakazane jest umieszczanie komentarzy:<br>\u2013 nios\u0105cych tre\u015bci bezprawne, zamieszczanie obel\u017cywych lub oszczerczych informacji, zawieraj\u0105cych pogr\u00f3\u017cki albo tre\u015bci obsceniczne lub nieprzyzwoite; podawanie fa\u0142szywych lub myl\u0105cych informacji;<br>*naruszaj\u0105cych\u00a0 prawa os\u00f3b trzecich; rozpowszechniaj\u0105cych spam;<br>14. U\u017cytkownik nie mo\u017ce kopiowa\u0107, modyfikowa\u0107 ani rozpowszechnia\u0107 tre\u015bci, zdj\u0119\u0107 logotyp\u00f3w bez uprzedniej zgody osoby uprawnionej.<br>15. Klient po skompletowaniu Zam\u00f3wienia na Stronie Internetowej i okre\u015bleniu formy p\u0142atno\u015bci oraz sposobu dostawy, wysy\u0142a Zam\u00f3wienie do Sklepu. Przed wys\u0142aniem Zam\u00f3wienia Klient jest zobowi\u0105zany do zalogowania si\u0119 do Konta Klienta. Ka\u017cdorazowo przed z\u0142o\u017ceniem Zam\u00f3wienia podawana jest cena wybranych Towar\u00f3w oraz koszt Dostawy.<br>16. Po z\u0142o\u017ceniu Zam\u00f3wienia Klient otrzymuje wiadomo\u015b\u0107 e-mail b\u0119d\u0105c\u0105 potwierdzeniem wp\u0142yni\u0119cia Zam\u00f3wienia do Sklepu, potwierdzaj\u0105c\u0105 wszystkie istotne elementy. W celu weryfikacji z\u0142o\u017conego Zam\u00f3wienia Klient powinien potwierdzi\u0107 Zam\u00f3wienie, poprzez wyb\u00f3r odwo\u0142ania do Strony Internetowej Sklepu zawieraj\u0105cej zakodowany unikalny identyfikator jego Zam\u00f3wienia.<br>17. Na podstawie otrzymanego potwierdzenia Zam\u00f3wienia zgodnie z \u00a7 5 ust 6, Sklep dokonuje sprawdzenia dost\u0119pno\u015bci Towaru.<br>18.\u00a0 W przypadku pozytywnej weryfikacji dost\u0119pno\u015bci Towaru, Klient otrzymuje informacj\u0119 o przyj\u0119ciu Zam\u00f3wienia do realizacji, stanowi\u0105cej przyj\u0119cie oferty. Jednocze\u015bnie dochodzi do zawarcia umowy sprzeda\u017cy Towaru.<br>19.\u00a0 W przypadku wybrania przez Klienta formy p\u0142atno\u015bci \u201eprzelew\u201d realizacja Zam\u00f3wienia nast\u0119puje po zaksi\u0119gowaniu przelewu na konto bankowe Sprzedawcy.<br>20.\u00a0 Powy\u017csze potwierdzenia i informacje wysy\u0142ane s\u0105 na adres e-mail Klienta podany przy rejestracji.<br>21.\u00a0 Je\u017celi po z\u0142o\u017ceniu Zam\u00f3wienia oka\u017ce si\u0119, \u017ce zam\u00f3wiony Towar jest niedost\u0119pny w ca\u0142o\u015bci lub cz\u0119\u015bci, Klient zostanie o tym niezw\u0142ocznie poinformowany poczt\u0105 elektroniczn\u0105 na podany adres e-mail lub telefonicznie \u0142\u0105cznie z przewidywanym okresem oczekiwania na dost\u0119pno\u015b\u0107 Towaru. W takiej sytuacji Klient mo\u017ce podtrzyma\u0107 Zam\u00f3wienie, pomimo d\u0142u\u017cszego czasu oczekiwania, anulowa\u0107 Zam\u00f3wienie lub ograniczy\u0107 Zam\u00f3wienie do cz\u0119\u015bci Towaru, kt\u00f3ry jest dost\u0119pny.<br>22. Klient mo\u017ce anulowa\u0107 z\u0142o\u017cone Zam\u00f3wienie w Sklepie w ka\u017cdym czasie, jednak nie p\u00f3\u017aniej ni\u017c do momentu wys\u0142ania Towaru do Klienta.<br><br><br>V DOSTAWA<br><br><br>1.\u00a0 U\u017cytkownik dokonuje wyboru rodzaju dostawy:<\/p>\n\n\n\n<ol class=\"wp-block-list\" start=\"2\">\n<li>Wysy\u0142ka elektroniczna<br>b. Kurier \u2013 wp\u0142ata na konto<br>2.&nbsp; Zam\u00f3wiony produkt przesy\u0142any jest na adres podany w formularzu zam\u00f3wienia.<br>3. Na czas otrzymania przesy\u0142ki przez U\u017cytkownika sk\u0142ada si\u0119 czas kompletowania zam\u00f3wienia i czas dostawy.<br>4.&nbsp; Czas dostawy uzale\u017cniony jest od sposobu odbioru lub dostawy towaru wybranego przez U\u017cytkownika. W ka\u017cdym przypadku umowa powinna zosta\u0107 wykonana w terminie maksymalnie pi\u0119ciu dni roboczych po z\u0142o\u017ceniu przez U\u017cytkownika o\u015bwiadczenia woli o zawarciu umowy.<br>5.&nbsp; Przy odbiorze przesy\u0142ki nale\u017cy sprawdzi\u0107 w obecno\u015bci kuriera lub listonosza, czy paczka, opakowanie i&nbsp; zawarto\u015b\u0107,&nbsp; jest w stanie nienaruszonym i zgodna z zam\u00f3wieniem. Kurier lub listonosz ma obowi\u0105zek poczeka\u0107 umo\u017cliwiaj\u0105c spokojne sprawdzenie przesy\u0142ki. Je\u017celi powsta\u0142a szkoda lub zauwa\u017cono braki, nale\u017cy spisa\u0107 protok\u00f3\u0142 szkody. Odpowiedni formularz posiada kurier lub listonosz.<br><br><br>VI SPOSOBY P\u0141ATNO\u015aCI.<br><br><br>1.&nbsp; P\u0142atno\u015b\u0107 mo\u017ce by\u0107 dokonywana w nast\u0119puj\u0105cy spos\u00f3b:<br>\u2022&nbsp;&nbsp;&nbsp;&nbsp; Przelewem bankowym poprzez zewn\u0119trzny system p\u0142atno\u015bci Payu, PayPal,<br>2. Wszystkie ceny wyra\u017cone s\u0105 w z\u0142otych polskich, s\u0105 cenami brutto i zawieraj\u0105 podatek VAT.<br>3. Cena podana przy ka\u017cdym Towarze jest wi\u0105\u017c\u0105ca od chwili z\u0142o\u017cenia przez Klienta Zam\u00f3wienia. Cena wi\u0105\u017ce zar\u00f3wno Klienta, jak i Sprzedawc\u0119.<br>4.&nbsp; Do ka\u017cdego Zam\u00f3wienia wystawiany jest paragon lub faktura VAT.<br><br><br><br>VII PRAWO ODST\u0104PIENIA OD UMOWY<br><br><br>1. Zgodnie z ustaw\u0105 z dnia 2 marca 2000 roku o ochronie niekt\u00f3rych praw konsument\u00f3w oraz odpowiedzialno\u015bci za szkod\u0119 wyrz\u0105dzona przez produkt niebezpieczny (Dz.U. Nr 22, poz. 271) Konsument mo\u017ce odst\u0105pi\u0107 od umowy bez podania przyczyny, sk\u0142adaj\u0105c w terminie 10 dni od dnia otrzymania towaru stosowne o\u015bwiadczenie.&nbsp; Do zachowania powy\u017cszego terminu wystarczy wys\u0142anie o\u015bwiadczenia przed jego up\u0142ywem.<br>2. W przypadku skorzystania przez Konsumenta z prawa odst\u0105pienia od umowy zakupiony&nbsp; towar nale\u017cy odes\u0142a\u0107 niezw\u0142ocznie jednak nie p\u00f3\u017aniej ni\u017c w ci\u0105gu 14 dni od daty dor\u0119czenia&nbsp; informacji o odst\u0105pieniu od umowy.<br>4. Zwracany towar&nbsp; i&nbsp; do\u0142\u0105czone do niego akcesoria nie mog\u0105 nosi\u0107 \u015blad\u00f3w u\u017cywania. Nie dotyczy to czynno\u015bci dokonanych przez U\u017cytkownika niezb\u0119dnych do zwyk\u0142ego zarz\u0105du rzecz\u0105 i oceny jako\u015bci nabytego towaru oraz jego zgodno\u015bci z zam\u00f3wieniem.<br>5. Wraz ze zwracanym towarem&nbsp; U\u017cytkownik powinien odes\u0142a\u0107 wszystkie bezp\u0142atne produkty i dokumenty do\u0142\u0105czone do zwracanego towaru .<br>6. Towar przes\u0142any w powy\u017cszym trybie nale\u017cy przes\u0142a\u0107 na adres: GoodCar ul. Opolska 23 a 47-344 Walce.<br>7. W przypadku odst\u0105pienia Konsumenta od umowy Sklep dokona zwrotu poniesionych koszt\u00f3w&nbsp; przez Konsumenta (w tym cen\u0119 towaru i koszty zwrotu towaru) w ci\u0105gu 7 dni roboczych od daty otrzymania towaru, na konto wskazane przez Kupuj\u0105cego w o\u015bwiadczeniu o odst\u0105pieniu od umowy. Sklep wydaje pisemne po\u015bwiadczenie o zwrocie \u015bwiadczenia.<br>8. Koszt odes\u0142ania towaru w trybie odst\u0105pienia od umowy bez podania przyczyny ponosi Sklep (u\u017cytkownik nie ponosi koszt\u00f3w).<br>9.Prawo odst\u0105pienia od umowy zawartej na odleg\u0142o\u015b\u0107 nie przys\u0142uguje U\u017cytkownikowi w wypadkach:<br>\u2022&nbsp;&nbsp;&nbsp; \u015bwiadczenia us\u0142ugi rozpocz\u0119tej, za zgod\u0105 konsumenta, przed up\u0142ywem terminu, o kt\u00f3rym mowa powy\u017cej ( np. szkolenia online )<br>\u2022&nbsp;&nbsp;&nbsp; dotycz\u0105cych nagra\u0144 audialnych i wizualnych oraz zapisanych na informatycznych no\u015bnikach danych po usuni\u0119ciu przez konsumenta ich oryginalnego opakowania,<br>\u2022&nbsp;&nbsp;&nbsp; um\u00f3w dotycz\u0105cych \u015bwiadcze\u0144, za kt\u00f3re cena lub wynagrodzenie zale\u017cy wy\u0142\u0105cznie od ruchu cen na rynku finansowym,<br>\u2022&nbsp;&nbsp;&nbsp; \u015bwiadcze\u0144 o w\u0142a\u015bciwo\u015bciach okre\u015blonych przez konsumenta w z\u0142o\u017conym przez niego zam\u00f3wieniu lub \u015bci\u015ble zwi\u0105zanych z jego osob\u0105,<br>\u2022&nbsp;&nbsp;&nbsp; \u015bwiadcze\u0144, kt\u00f3re z uwagi na ich charakter nie mog\u0105 zosta\u0107 zwr\u00f3cone lub kt\u00f3rych przedmiot ulega szybkiemu zepsuciu,<br>\u2022&nbsp;&nbsp;&nbsp; dostarczania prasy,<br>\u2022&nbsp;&nbsp;&nbsp; us\u0142ug w zakresie gier hazardowych.<br><br><br>VIII&nbsp; REKLAMACJE<br><br><br>1.Produkty oferowane w Sklepie internetowym obj\u0119te s\u0105 12 miesi\u0119czn\u0105 odpowiedzialno\u015bci\u0105 sprzedawcy za niezgodno\u015b\u0107 towaru z umow\u0105, zgodnie z przepisami ustawy o szczeg\u00f3lnych warunkach sprzeda\u017cy konsumenckiej z dnia 27 lipca 2002 r. (Dz. U. Nr 141, poz. 1176 z p\u00f3\u017an.zm.)<br>2.Reklamacje na podstawie odpowiedzialno\u015bci sprzedawcy za niezgodno\u015b\u0107 towaru z umow\u0105 powinny by\u0107 sk\u0142adane pisemnie na:<br>adres email: coach.chiptuning@gmail.com,<br>listownie: GoodCar 47-344 Walce Ul. Opolska 23a<br>3.W reklamacji powinien znale\u017a\u0107 si\u0119 dok\u0142adny opis rodzaju niezgodno\u015bci,&nbsp; dat\u0119 wyst\u0105pienia, nr zam\u00f3wienia oraz dane kontaktowe, co u\u0142atwi procedur\u0119 reklamacyjn\u0105.<br>4.Sklep rozpatruje reklamacje niezw\u0142ocznie najp\u00f3\u017aniej w terminie 14 dni od otrzymania reklamacji wys\u0142anej przez U\u017cytkownika.<br>5.Do odsy\u0142anego towaru nale\u017cy do\u0142\u0105czy\u0107 opis niezgodno\u015bci towaru z umow\u0105, nr zam\u00f3wienia, nr konta oraz dane kontaktowe.<br>6.W przypadku uzasadnionej reklamacji, U\u017cytkownik mo\u017ce \u017c\u0105da\u0107 doprowadzenia produktu do stanu zgodnego z umow\u0105 przez wymian\u0119 produktu na nowy, chyba, \u017ce&nbsp; wymiana jest niemo\u017cliwa (z powodu wyczerpania zapas\u00f3w) Sklep zwr\u00f3ci Klientowi r\u00f3wnowarto\u015b\u0107 ceny zakupu.<br>7.Koszty zwi\u0105zane z odes\u0142aniem towaru reklamowanego, Sklep zwraca natychmiast po rozpatrzeniu reklamacji.<br>8.Odpowied\u017a w sprawi\u0119 reklamacji jest wysy\u0142any na podany przez U\u017cytkownika adres e-mail, adres korespondencji lub nr faxu.<br>9.W przypadku uznania reklamacji,&nbsp; Sklep niezw\u0142ocznie podejmuj\u0119 dzia\u0142ania w celu realizacji jej tre\u015bci.<br><br>&nbsp;<\/li>\n<\/ol>\n\n\n\n<p><br>IX PRAWA AUTORSKIE<br><br><br>1.Sprzedawcy przys\u0142uguj\u0105 wy\u0142\u0105czne maj\u0105tkowe i osobiste prawa autorskie do wszelkich materia\u0142\u00f3w, wzorc\u00f3w, formularzy, logotyp\u00f3w i innych tre\u015bci zawartych na stronie Sklepu Internetowego.<br>2.Wykorzystywanie materia\u0142\u00f3w zamieszczonych na Stronie Internetowej jest dopuszczalne tylko dla cel\u00f3w wsp\u00f3\u0142pracy ze Sprzedawc\u0105 i tylko na w\u0142asny u\u017cytek Klienta. Kopiowanie, przekazywanie oraz udost\u0119pnianie odp\u0142atnie lub nieodp\u0142atnie osobom trzecim tre\u015bci znajduj\u0105cych si\u0119 na stronach Sklepu Internetowego jest zabronione.<br>3.W odniesieniu do danych oraz wszelkich innych materia\u0142\u00f3w udost\u0119pnionych Klientowi lub U\u017cytkownikowi Internetu na Stronie Internetowej nie jest dopuszczalne wykorzystanie ich w celu prowadzenia przez Klienta lub U\u017cytkownika Internetu dzia\u0142alno\u015bci konkurencyjnej wobec Sprzedawcy.<br><br><br>X PRZEPISY KO\u0143COWE<br><br><br>1.Zmiany regulaminu wchodz\u0105 w \u017cycie po jego zaakceptowaniu przez obecnych U\u017cytkownik\u00f3w Sklepu b\u0119d\u0105cych Konsumentami (na rzecz kt\u00f3rych dokonywane s\u0105 \u015bwiadczenia). U\u017cytkownik taki musi zaakceptowa\u0107 zmiany Regulaminu poprzez przes\u0142anie akceptacji w odpowiedzi na informacj\u0119 o zmianie Regulaminu wraz z zaakceptowaniem nowego tekstu Regulaminu. U\u017cytkownik ma mo\u017cliwo\u015b\u0107 odst\u0105pienia od umowy, jej natychmiastowego rozwi\u0105zania w razie braku akceptacji zmienionego Regulaminu.<br>2.Zmiany regulaminu nie b\u0119d\u0105 w \u017caden spos\u00f3b narusza\u0107 praw nabytych U\u017cytkownik\u00f3w korzystaj\u0105cych ze sklepu internetowego onlinechiptuning.pl przed dniem wej\u015bcia w \u017cycie zmian, w szczeg\u00f3lno\u015bci nie b\u0119d\u0105 mia\u0142y wp\u0142ywu na z\u0142o\u017cone i\/lub realizowane zam\u00f3wienia. W takim przypadku zam\u00f3wienia te b\u0119d\u0105 realizowane na zasadach dotychczasowych.<br>3.Akceptacja&nbsp; regulaminu w ca\u0142o\u015bci wraz z wprowadzonymi zmianami stanowi warunek dalszego korzystania ze Sklepu.<br>4.Sklep mo\u017ce wypowiedzie\u0107 umow\u0119 z zachowaniem 7 dniowego terminu wypowiedzenia w przypadku, gdy U\u017cytkownik dostarcza tre\u015bci o charakterze bezprawnym.<br>5.Wypowiedzenie i rozwi\u0105zanie umowy nie narusza w \u017caden spos\u00f3b praw nabytych Klient\u00f3w korzystaj\u0105cych ze Sklepu.<br>6. Do spraw nieuregulowanych niniejszym Regulaminem, zastosowanie maj\u0105 w szczeg\u00f3lno\u015bci przepisy Kodeksu cywilnego,&nbsp; ustawy z dnia 18 lipca 2002 r. o \u015bwiadczeniu us\u0142ug drog\u0105 elektroniczn\u0105 i ustawy z dnia 2 marca 2000 roku o ochronie niekt\u00f3rych praw konsument\u00f3w oraz odpowiedzialno\u015bci za szkod\u0119 wyrz\u0105dzona przez produkt niebezpieczny.<br>7. Niniejszy Regulamin obowi\u0105zuje od dnia 01.01.2019 r.<\/p>\n\n\n\n<p>XI WY\u0141\u0104CZENIE ODPOWIEDZIALNO\u015aCI<\/p>\n\n\n\n<ol class=\"wp-block-list\">\n<li>Sklep akademia-onlinechiptuning.pl nie ponosi wobec U\u017cytkownika odpowiedzialno\u015bci za straty i szkody poniesione przez u\u017cytkownika w zwi\u0105zku z korzystaniem z Serwisu, stosowaniem si\u0119 do informacji prezentowanych w Serwisie lub zawartych w Produktach w jakichkolwiek okoliczno\u015bciach, jak r\u00f3wnie\u017c za skutki podj\u0119tych na tej podstawie decyzji.\u00a0\u00a0<\/li>\n\n\n\n<li>Sklep akademia-onlinechiptuning.pl nie gwarantuje, \u017ce informacje przesy\u0142ane za pomoc\u0105 Internetu dotr\u0105 do U\u017cytkownika w formie bezb\u0142\u0119dnej, kompletnej i pe\u0142nej.\u00a0<\/li>\n\n\n\n<li>Sklep akademia-onlinechiptuning.pll nie odpowiada za szkody spowodowane wadliwym dzia\u0142aniem systemu transmisji, w tym awariami sprz\u0119tu, op\u00f3\u017anieniami i zak\u0142\u00f3ceniami przesy\u0142u informacji, ingerencj\u0105 os\u00f3b trzecich lub dzia\u0142aniem si\u0142y wy\u017cszej.<\/li>\n\n\n\n<li>Sklep akademia-onlinechiptuning.pl zastrzega sobie prawo do czasowego ograniczenia dost\u0119pu do Serwisu (ca\u0142o\u015bciowego lub cz\u0119\u015bciowego), w celu jego ulepszenia, konserwacji lub je\u015bli wymagaj\u0105 tego wzgl\u0119dy bezpiecze\u0144stwa lub inne, niezale\u017cne od akademia-onlinechiptuning.pl.\u00a0<\/li>\n\n\n\n<li>Sklep akademia-onlinechiptuning.pl nie ponosi odpowiedzialno\u015bci za szkody powsta\u0142e w wyniku niedostarczenia produkt\u00f3w w terminie.<\/li>\n<\/ol>\n","protected":false},"excerpt":{"rendered":"<p>I POSTANOWIENIA OG\u00d3LNE 1.\u00a0 Regulamin ten dotyczy zasad korzystania z sklepu internetowego akademia-onlinechiptuning.pl zwanego dalej Sklepem. Sklep powsta\u0142 na podstawie przepis\u00f3w prawnych obowi\u0105zuj\u0105cych na terytorium RP.2.\u00a0 W\u0142a\u015bcicielem sklepu internetowego, dzia\u0142aj\u0105cego pod adresem akademia-onlinechiptuning.pl jest firma GoodCar z siedzib\u0105 w Walce 47-344, Opolska 23a, NIP: 755-179-30-69, Regon: 1600476933. Regulamin okre\u015bla prawa i obowi\u0105zki U\u017cytkownik\u00f3w jak r\u00f3wnie\u017c [&hellip;]<\/p>\n","protected":false},"author":1,"featured_media":0,"parent":0,"menu_order":0,"comment_status":"closed","ping_status":"closed","template":"","meta":{"footnotes":""},"class_list":["post-39","page","type-page","status-publish","hentry"],"_links":{"self":[{"href":"https:\/\/akademia-onlinechiptuning.pl\/index.php?rest_route=\/wp\/v2\/pages\/39","targetHints":{"allow":["GET"]}}],"collection":[{"href":"https:\/\/akademia-onlinechiptuning.pl\/index.php?rest_route=\/wp\/v2\/pages"}],"about":[{"href":"https:\/\/akademia-onlinechiptuning.pl\/index.php?rest_route=\/wp\/v2\/types\/page"}],"author":[{"embeddable":true,"href":"https:\/\/akademia-onlinechiptuning.pl\/index.php?rest_route=\/wp\/v2\/users\/1"}],"replies":[{"embeddable":true,"href":"https:\/\/akademia-onlinechiptuning.pl\/index.php?rest_route=%2Fwp%2Fv2%2Fcomments&post=39"}],"version-history":[{"count":1,"href":"https:\/\/akademia-onlinechiptuning.pl\/index.php?rest_route=\/wp\/v2\/pages\/39\/revisions"}],"predecessor-version":[{"id":40,"href":"https:\/\/akademia-onlinechiptuning.pl\/index.php?rest_route=\/wp\/v2\/pages\/39\/revisions\/40"}],"wp:attachment":[{"href":"https:\/\/akademia-onlinechiptuning.pl\/index.php?rest_route=%2Fwp%2Fv2%2Fmedia&parent=39"}],"curies":[{"name":"wp","href":"https:\/\/api.w.org\/{rel}","templated":true}]}}